{"id":8053,"date":"2025-04-06T21:16:19","date_gmt":"2025-04-06T21:16:19","guid":{"rendered":"http:\/\/puidukraam.test\/?page_id=8053"},"modified":"2025-06-01T16:38:45","modified_gmt":"2025-06-01T16:38:45","slug":"shipping","status":"publish","type":"page","link":"https:\/\/puidukraam.ee\/en\/shipping\/","title":{"rendered":"Shipping"},"content":{"rendered":"<section class=\"l-section wpb_row height_custom\"><div class=\"l-section-h i-cf\"><div class=\"g-cols vc_row via_grid cols_custom laptops-cols_inherit tablets-cols_inherit mobiles-cols_1 valign_top type_default stacking_default\" style=\"--custom-columns:4fr 0.5fr 1.5fr \"><div class=\"wpb_column vc_column_container\"><div class=\"vc_column-inner\"><div class=\"wpb_text_column\"><div class=\"wpb_wrapper\"><p>We deliver to the post office or by courier.<\/p>\n<p>Kohapeal saab kauba k\u00e4tte meie laost aadressil T\u00f6\u00f6stuse 54, Tallinn.<\/p>\n<table>\n<tbody>\n<tr>\n<th>Package size<\/th>\n<th>Maximum dimensions<\/th>\n<th>Weight limit<\/th>\n<\/tr>\n<tr>\n<td>XS<\/td>\n<td>up to 5 cm \u00d7 36 cm \u00d7 45 cm<\/td>\n<td>up to 25 kg<\/td>\n<\/tr>\n<tr>\n<td>S<\/td>\n<td>up to 12 cm \u00d7 36 cm \u00d7 60 cm<\/td>\n<td>up to 25 kg<\/td>\n<\/tr>\n<tr>\n<td>M<\/td>\n<td>up to 20 cm \u00d7 36 cm \u00d7 60 cm<\/td>\n<td>up to 25 kg<\/td>\n<\/tr>\n<tr>\n<td>L<\/td>\n<td>up to 38 cm \u00d7 36 cm \u00d7 60 cm<\/td>\n<td>up to 25 kg<\/td>\n<\/tr>\n<tr>\n<td>XL<\/td>\n<td>up to 60 cm \u00d7 36 cm \u00d7 60 cm<\/td>\n<td>up to 25 kg<\/td>\n<\/tr>\n<\/tbody>\n<\/table>\n<p>Large and heavy items (e.g. furniture) are sent by Omniva-courier. 10,00 \u20ac<\/p>\n<p>You can pick up the goods at our warehouse at T\u00f6\u00f6stuse 54, Tallinn.<\/p>\n<p>The shop works on an agreement basis.<\/p>\n<p>Contact phone number: <a href=\"tel:+37258171248\">+372 5817 1248<\/a><\/p>\n<p>Email: <a href=\"mailto:info@puidukraam.ee\">info@puidukraam.ee<\/a><\/p>\n<\/div><\/div><\/div><\/div><div class=\"wpb_column vc_column_container\"><div class=\"vc_column-inner\"><\/div><\/div><div class=\"wpb_column vc_column_container\"><div class=\"vc_column-inner\"><nav class=\"w-menu us_custom_343a6660 layout_ver style_links us_menu_1\" style=\"--main-gap:1.5rem;--main-ver-indent:0.8em;--main-hor-indent:0.8em;--main-active-color:inherit;\"><ul id=\"menu-information-en\" class=\"menu\"><li id=\"menu-item-8238\" class=\"menu-item menu-item-type-post_type menu-item-object-page menu-item-8238\"><a href=\"https:\/\/puidukraam.ee\/en\/shipping\/\">Shipping<\/a><\/li><li id=\"menu-item-8239\" class=\"menu-item menu-item-type-post_type menu-item-object-page menu-item-8239\"><a href=\"https:\/\/puidukraam.ee\/en\/payments\/\">Payments<\/a><\/li><li id=\"menu-item-8240\" class=\"menu-item menu-item-type-post_type menu-item-object-page menu-item-8240\"><a href=\"https:\/\/puidukraam.ee\/en\/returns\/\">Returns<\/a><\/li><li id=\"menu-item-13450\" class=\"menu-item menu-item-type-post_type menu-item-object-page menu-item-13450\"><a href=\"https:\/\/puidukraam.ee\/en\/blog\/\">Blog<\/a><\/li><\/ul><style>@media ( max-width:600px ){.us_menu_1 .menu{display:block!important}.us_menu_1 .menu>li:not(:last-child){margin:0 0 var(--main-gap,1.5rem)!important}}<\/style><\/nav><\/div><\/div><\/div><\/div><\/section>\n","protected":false},"excerpt":{"rendered":"","protected":false},"author":1,"featured_media":0,"parent":0,"menu_order":0,"comment_status":"closed","ping_status":"closed","template":"","meta":{"footnotes":""},"class_list":["post-8053","page","type-page","status-publish","hentry"],"_links":{"self":[{"href":"https:\/\/puidukraam.ee\/en\/wp-json\/wp\/v2\/pages\/8053","targetHints":{"allow":["GET"]}}],"collection":[{"href":"https:\/\/puidukraam.ee\/en\/wp-json\/wp\/v2\/pages"}],"about":[{"href":"https:\/\/puidukraam.ee\/en\/wp-json\/wp\/v2\/types\/page"}],"author":[{"embeddable":true,"href":"https:\/\/puidukraam.ee\/en\/wp-json\/wp\/v2\/users\/1"}],"replies":[{"embeddable":true,"href":"https:\/\/puidukraam.ee\/en\/wp-json\/wp\/v2\/comments?post=8053"}],"version-history":[{"count":6,"href":"https:\/\/puidukraam.ee\/en\/wp-json\/wp\/v2\/pages\/8053\/revisions"}],"predecessor-version":[{"id":8325,"href":"https:\/\/puidukraam.ee\/en\/wp-json\/wp\/v2\/pages\/8053\/revisions\/8325"}],"wp:attachment":[{"href":"https:\/\/puidukraam.ee\/en\/wp-json\/wp\/v2\/media?parent=8053"}],"curies":[{"name":"wp","href":"https:\/\/api.w.org\/{rel}","templated":true}]}}